{"id":23,"date":"2017-03-16T14:50:16","date_gmt":"2017-03-16T12:50:16","guid":{"rendered":"https:\/\/arturijuures.ee\/herr-artur\/?page_id=23"},"modified":"2017-03-16T14:50:16","modified_gmt":"2017-03-16T12:50:16","slug":"kodukord","status":"publish","type":"page","link":"https:\/\/arturijuures.ee\/herr-artur\/kodukord\/","title":{"rendered":"Kodukord"},"content":{"rendered":"<p><strong>Kohvik &#8220;Arturi Juures&#8221;,<\/strong><strong> sisekorra<\/strong><strong> eeskirjad<\/strong><\/p>\n<p>1. Sisekorraeeskirjad on koostatud, kohviku k\u00fclastajate turvalisuse ja meeldiva olemise tagamiseks.<\/p>\n<p>2. Sisekorraeeskirjad on kohustuslikuks t\u00e4itmiseks k\u00f5ikidele kohviku k\u00fclastajatele. Kohvikusse sisenemisel kohustub kohviku k\u00fclastaja j\u00e4rgima sisekorra eeskirju ja alluma kohviku personali t\u00f6\u00f6tajate korraldustele. Eeskirjade mittelugemine v\u00f5i nende mittetundmine ei vabasta k\u00fclastajat kohustusest nende t\u00e4itmiseks.<\/p>\n<p>3. kohvik on avatud 7 p\u00e4eva n\u00e4dalas,E 11-15,\u00a0T-N kell 11-20, R-L kell 11-00, P11.00-18.00.<\/p>\n<p>4. Alates kell 23-st p\u00e4\u00e4seb kohvikusse alates 18-ndast eluaastast. kohviku t\u00f6\u00f6tajatel on \u00f5igus kontrollida k\u00fclastaja isikut t\u00f5endavat dokumenti.<\/p>\n<p>5. kohvik ei vastuta kohviku ruumidesse k\u00fclastaja poolt j\u00e4etud esemete eest.<\/p>\n<p>6. kohviku k\u00fclastaja on kohustatud k\u00e4ituma viisakalt ja lugupidavalt teiste k\u00fclastajate ja kohviku t\u00f6\u00f6tajate suhtes. Nimetatud k\u00e4itumisnormi eiramisel on kohviku t\u00f6\u00f6tajatel \u00f5igus selline k\u00fclastaja kohvikust eemaldada.<\/p>\n<p>7. K\u00fclastaja kes l\u00f5hub v\u00f5i rikub kohviku inventari, on kohustatud tema poolt tekitatud kahju h\u00fcvitama vastavalt vara maksumuse v\u00f5i taastamise turuv\u00e4\u00e4rtusele kahekordselt mille nimetab kohviku personal.<\/p>\n<p>8. K\u00fclastajatel on keelatud: &#8211; siseneda kohvikusse esemete ja ainetega, mis on ohtlikud v\u00f5i v\u00f5ivad osutuda ohtlikuks ;<\/p>\n<p>&#8211; tarbida kohviku ruumides k\u00fclastaja poolt kaasa v\u00f5etud jooke v\u00f5i s\u00f6\u00f6ke, nende leidmisel on \u00f5igus t\u00f6\u00f6tajal see h\u00e4vitada . Diabeetikutele ja muudel erijuhtudel annab selleks loa kohviku t\u00f6\u00f6taja;<\/p>\n<p>&#8211; tuua, omada, tarvitada v\u00f5i m\u00fc\u00fca kohviku ruumides narkootilisi v\u00f5i ps\u00fchhotroopseid aineid;<\/p>\n<p>&#8211; segada v\u00f5i takistada kohviku t\u00f6\u00f6tajatel t\u00f6\u00f6\u00fclesandeid t\u00e4itmast;<\/p>\n<p>&#8211; siseneda kohviku personali t\u00f6\u00f6ruumidesse;<\/p>\n<p>9. kohviku sisekorra eeskirju rikkunud v\u00f5i eiranud k\u00fclastaja saadetakse kohviku t\u00f6\u00f6tajate poolt kohvikust v\u00e4lja. Konfliktsituatsioonide lahendamiseks v\u00f5ib kohviku t\u00f6\u00f6taja kutsuda Politsei v\u00f5i turvafirma patrulli. Politsei v\u00f5i turvapatrulli saabumiseni on kohviku t\u00f6\u00f6tajatel \u00f5igus korrarikkujat kinni pidada.<\/p>\n<p>10. K\u00fclastajate k\u00fcsimuste lahendamisega tegeleb kohviku lahtiolekuaegadel kohviku personal.<\/p>\n<p>11. K\u00fclastajal on v\u00f5imalus kirjutada kirjalik t\u00e4nuavaldus v\u00f5i ettepanek k\u00fclaliste raamatusse.<\/p>\n<p>12. K\u00fclastajal on v\u00f5imalus kirjutada kirjalik kaebus v\u00f5i ettepanek kohviku juhtkonnale aadressile: Viljandi maakond Suure-Jaani vald J\u00e4rve3 71503 v\u00f5i e-maili aadressile: artrijuure@arturijuures.ee<\/p>\n<p><strong><u> Kohvikus on suitsetamine keelatud!<\/u><\/strong><\/p>\n<p>Sisekorra eeskirjad kinnitan 01.01.2007:<br \/>\nReiko S\u00fclla<br \/>\nO\u00dc \u201cArturi Juures\u201d<br \/>\njuhataja<\/p>\n","protected":false},"excerpt":{"rendered":"<p>Kohvik &#8220;Arturi Juures&#8221;, sisekorra eeskirjad 1. Sisekorraeeskirjad on [&hellip;]<\/p>\n","protected":false},"author":1,"featured_media":0,"parent":0,"menu_order":0,"comment_status":"closed","ping_status":"closed","template":"","meta":[],"yoast_head":"<!-- This site is optimized with the Yoast SEO plugin v17.6 - https:\/\/yoast.com\/wordpress\/plugins\/seo\/ -->\n<title>Kodukord - Herr Artur<\/title>\n<meta name=\"robots\" content=\"index, follow, max-snippet:-1, max-image-preview:large, max-video-preview:-1\" \/>\n<link rel=\"canonical\" href=\"https:\/\/arturijuures.ee\/herr-artur\/kodukord\/\" \/>\n<meta property=\"og:locale\" content=\"et_EE\" \/>\n<meta property=\"og:type\" content=\"article\" \/>\n<meta property=\"og:title\" content=\"Kodukord - Herr Artur\" \/>\n<meta property=\"og:description\" content=\"Kohvik &#8220;Arturi Juures&#8221;, sisekorra eeskirjad 1. Sisekorraeeskirjad on [&hellip;]\" \/>\n<meta property=\"og:url\" content=\"https:\/\/arturijuures.ee\/herr-artur\/kodukord\/\" \/>\n<meta property=\"og:site_name\" content=\"Herr Artur\" \/>\n<meta name=\"twitter:card\" content=\"summary\" \/>\n<meta name=\"twitter:label1\" content=\"Est. reading time\" \/>\n\t<meta name=\"twitter:data1\" content=\"2 minutit\" \/>\n<script type=\"application\/ld+json\" class=\"yoast-schema-graph\">{\"@context\":\"https:\/\/schema.org\",\"@graph\":[{\"@type\":\"WebSite\",\"@id\":\"https:\/\/arturijuures.ee\/herr-artur\/#website\",\"url\":\"https:\/\/arturijuures.ee\/herr-artur\/\",\"name\":\"Herr Artur\",\"description\":\"J\\u00e4rjekordne Arturijuures saidid veebileht\",\"potentialAction\":[{\"@type\":\"SearchAction\",\"target\":{\"@type\":\"EntryPoint\",\"urlTemplate\":\"https:\/\/arturijuures.ee\/herr-artur\/?s={search_term_string}\"},\"query-input\":\"required name=search_term_string\"}],\"inLanguage\":\"et\"},{\"@type\":\"WebPage\",\"@id\":\"https:\/\/arturijuures.ee\/herr-artur\/kodukord\/#webpage\",\"url\":\"https:\/\/arturijuures.ee\/herr-artur\/kodukord\/\",\"name\":\"Kodukord - Herr Artur\",\"isPartOf\":{\"@id\":\"https:\/\/arturijuures.ee\/herr-artur\/#website\"},\"datePublished\":\"2017-03-16T12:50:16+00:00\",\"dateModified\":\"2017-03-16T12:50:16+00:00\",\"breadcrumb\":{\"@id\":\"https:\/\/arturijuures.ee\/herr-artur\/kodukord\/#breadcrumb\"},\"inLanguage\":\"et\",\"potentialAction\":[{\"@type\":\"ReadAction\",\"target\":[\"https:\/\/arturijuures.ee\/herr-artur\/kodukord\/\"]}]},{\"@type\":\"BreadcrumbList\",\"@id\":\"https:\/\/arturijuures.ee\/herr-artur\/kodukord\/#breadcrumb\",\"itemListElement\":[{\"@type\":\"ListItem\",\"position\":1,\"name\":\"Home\",\"item\":\"https:\/\/arturijuures.ee\/herr-artur\/\"},{\"@type\":\"ListItem\",\"position\":2,\"name\":\"Kodukord\"}]}]}<\/script>\n<!-- \/ Yoast SEO plugin. -->","yoast_head_json":{"title":"Kodukord - Herr Artur","robots":{"index":"index","follow":"follow","max-snippet":"max-snippet:-1","max-image-preview":"max-image-preview:large","max-video-preview":"max-video-preview:-1"},"canonical":"https:\/\/arturijuures.ee\/herr-artur\/kodukord\/","og_locale":"et_EE","og_type":"article","og_title":"Kodukord - Herr Artur","og_description":"Kohvik &#8220;Arturi Juures&#8221;, sisekorra eeskirjad 1. Sisekorraeeskirjad on [&hellip;]","og_url":"https:\/\/arturijuures.ee\/herr-artur\/kodukord\/","og_site_name":"Herr Artur","twitter_card":"summary","twitter_misc":{"Est. reading time":"2 minutit"},"schema":{"@context":"https:\/\/schema.org","@graph":[{"@type":"WebSite","@id":"https:\/\/arturijuures.ee\/herr-artur\/#website","url":"https:\/\/arturijuures.ee\/herr-artur\/","name":"Herr Artur","description":"J\u00e4rjekordne Arturijuures saidid veebileht","potentialAction":[{"@type":"SearchAction","target":{"@type":"EntryPoint","urlTemplate":"https:\/\/arturijuures.ee\/herr-artur\/?s={search_term_string}"},"query-input":"required name=search_term_string"}],"inLanguage":"et"},{"@type":"WebPage","@id":"https:\/\/arturijuures.ee\/herr-artur\/kodukord\/#webpage","url":"https:\/\/arturijuures.ee\/herr-artur\/kodukord\/","name":"Kodukord - Herr Artur","isPartOf":{"@id":"https:\/\/arturijuures.ee\/herr-artur\/#website"},"datePublished":"2017-03-16T12:50:16+00:00","dateModified":"2017-03-16T12:50:16+00:00","breadcrumb":{"@id":"https:\/\/arturijuures.ee\/herr-artur\/kodukord\/#breadcrumb"},"inLanguage":"et","potentialAction":[{"@type":"ReadAction","target":["https:\/\/arturijuures.ee\/herr-artur\/kodukord\/"]}]},{"@type":"BreadcrumbList","@id":"https:\/\/arturijuures.ee\/herr-artur\/kodukord\/#breadcrumb","itemListElement":[{"@type":"ListItem","position":1,"name":"Home","item":"https:\/\/arturijuures.ee\/herr-artur\/"},{"@type":"ListItem","position":2,"name":"Kodukord"}]}]}},"_links":{"self":[{"href":"https:\/\/arturijuures.ee\/herr-artur\/wp-json\/wp\/v2\/pages\/23"}],"collection":[{"href":"https:\/\/arturijuures.ee\/herr-artur\/wp-json\/wp\/v2\/pages"}],"about":[{"href":"https:\/\/arturijuures.ee\/herr-artur\/wp-json\/wp\/v2\/types\/page"}],"author":[{"embeddable":true,"href":"https:\/\/arturijuures.ee\/herr-artur\/wp-json\/wp\/v2\/users\/1"}],"replies":[{"embeddable":true,"href":"https:\/\/arturijuures.ee\/herr-artur\/wp-json\/wp\/v2\/comments?post=23"}],"version-history":[{"count":2,"href":"https:\/\/arturijuures.ee\/herr-artur\/wp-json\/wp\/v2\/pages\/23\/revisions"}],"predecessor-version":[{"id":57,"href":"https:\/\/arturijuures.ee\/herr-artur\/wp-json\/wp\/v2\/pages\/23\/revisions\/57"}],"wp:attachment":[{"href":"https:\/\/arturijuures.ee\/herr-artur\/wp-json\/wp\/v2\/media?parent=23"}],"curies":[{"name":"wp","href":"https:\/\/api.w.org\/{rel}","templated":true}]}}